{"id":25,"date":"2016-02-12T08:13:22","date_gmt":"2016-02-12T08:13:22","guid":{"rendered":"http:\/\/demos.famethemes.com\/onepress\/?page_id=25"},"modified":"2023-03-28T08:21:16","modified_gmt":"2023-03-28T06:21:16","slug":"bacproma","status":"publish","type":"page","link":"https:\/\/lycee.saintjosephbelfort.fr\/index.php\/bacproma\/","title":{"rendered":"BAC PRO MA"},"content":{"rendered":"\n<h3 class=\"has-white-color has-text-color has-background wp-block-heading\" style=\"background-color:#0080bf\"><strong>BAC PRO M\u00e9tiers de l\u2019Accueil (MA)<\/strong><\/h3>\n\n\n<p><strong>Public concern\u00e9 :<\/strong><\/p>\n<ul>\n<li>\u00c9l\u00e8ves de Troisi\u00e8me ou de Seconde de LEGT<\/li>\n<\/ul>\n<p><strong>Aptitudes requises :<\/strong><\/p>\n<ul>\n<li>Pr\u00e9sentation et langage soign\u00e9s, organisation,<\/li>\n<li>&nbsp;\u00catre communicant, convaincant et agr\u00e9able,<\/li>\n<li>&nbsp;Adaptabilit\u00e9 \u00e0 tout public.<\/li>\n<\/ul>\n<p><strong>L\u2019enseignement&nbsp;dispens\u00e9 en Bac Pro MA<\/strong>:<\/p>\n<ul>\n<li><strong>L\u2019enseignement professionnel<\/strong>&nbsp;s\u2019articule autour de 3 blocs majeurs :<\/li>\n<\/ul>\n<ol>\n<li>G\u00e9rer l\u2019accueil multi-canal \u00e0 des fins d\u2019information, d\u2019orientation et de conseil<\/li>\n<li>G\u00e9rer l\u2019information et des prestations organisationnelles<\/li>\n<li>G\u00e9rer la relation commerciale<\/li>\n<\/ol>\n<ul>\n<li><strong>L\u2019enseignement g\u00e9n\u00e9ral<\/strong> comprend les mati\u00e8res traditionnelles : fran\u00e7ais, Histoire-G\u00e9ographie, Math\u00e9matiques, Langues vivantes \u00e9trang\u00e8res, \u00c9ducation Artistiques et EPS.<br>Dans le cadre de la r\u00e9novation de la voie professionnelle, une partie des cours se fait en \u00ab coanimation \u00bb avec un enseignant de mati\u00e8re professionnelle et un enseignant de mati\u00e8re g\u00e9n\u00e9rale.<br>L\u2019objectif est la r\u00e9alisation d\u2019un \u00ab Chef- d\u2019\u0153uvre \u00bb, le compte rendu de ce projet fera l\u2019objet d\u2019un oral au BAC.<\/li>\n<\/ul>\n<p><strong>Temps de formation en entreprise&nbsp;: 22 semaines sur 3 ans<\/strong><\/p>\n<p><strong>En compl\u00e9ment \u00e0 la formation, participation, en collaboration avec le Parc AIREXPOS \u00e0 Andelnans, \u00e0 des stages en accueil \u00e9v\u00e9nementiel (ex&nbsp;: 2012\/2013&nbsp;: salon de la Mari\u00e9e, salon de l\u2019Habitat, spectacles de Chantal Goya et Patrick S\u00e9bastien, 2013\/2014&nbsp;: No\u00ebl de Comit\u00e9s d\u2019entreprises de la r\u00e9gion) et FIMU en juin 2014.<\/strong><\/p>\n<p><strong>Les emplois vis\u00e9s<\/strong><\/p>\n<ul>\n<li>H\u00f4te d\u2019accueil dans les services administratifs, dans les bureaux des PME et des grandes entreprises, dans les associations,<\/li>\n<\/ul>\n<p>Vendeur de services marchands.<\/p>\n<p><strong>Les missions<\/strong><\/p>\n<ul>\n<li>Accueil en entreprise, administration ou association : accueil physique et t\u00e9l\u00e9phonique,<\/li>\n<li>Accueil \u00e9v\u00e9nementiel li\u00e9 \u00e0 des \u00e9v\u00e9nements (salons, congr\u00e8s, manifestations diverses),<\/li>\n<li>Accueil dans les transports (gares, a\u00e9roports, r\u00e9seaux urbains) : missions d\u2019informations, de m\u00e9diation et de gestion des flux.<\/li>\n<\/ul>\n<p>En compl\u00e9ment ces personnes sont amen\u00e9es \u00e0 r\u00e9aliser des op\u00e9rations commerciales (vente de services) ou des op\u00e9rations de bureautique.<\/p>\n<p><strong>La Poursuites d\u2019\u00e9tudes&nbsp;<\/strong><\/p>\n<ul>\n<li>BTS Gestion de la PME<\/li>\n<li>BTS Support \u00e0 l\u2019Action Manag\u00e9riale (SAM)<\/li>\n<li>BTS Management Commercial Op\u00e9rationnel (MCO)<\/li>\n<li>BTS N\u00e9gociation Digitale Relations Client\u00e8le (NDRC)<\/li>\n<\/ul>","protected":false},"excerpt":{"rendered":"<p>Public concern\u00e9 :<br \/>\n\u00c9l\u00e8ves de Troisi\u00e8me ou de Seconde de LEGT<\/p>\n","protected":false},"author":1,"featured_media":0,"parent":0,"menu_order":0,"comment_status":"closed","ping_status":"closed","template":"template-fullwidth.php","meta":{"footnotes":""},"class_list":["post-25","page","type-page","status-publish","hentry"],"_links":{"self":[{"href":"https:\/\/lycee.saintjosephbelfort.fr\/index.php\/wp-json\/wp\/v2\/pages\/25","targetHints":{"allow":["GET"]}}],"collection":[{"href":"https:\/\/lycee.saintjosephbelfort.fr\/index.php\/wp-json\/wp\/v2\/pages"}],"about":[{"href":"https:\/\/lycee.saintjosephbelfort.fr\/index.php\/wp-json\/wp\/v2\/types\/page"}],"author":[{"embeddable":true,"href":"https:\/\/lycee.saintjosephbelfort.fr\/index.php\/wp-json\/wp\/v2\/users\/1"}],"replies":[{"embeddable":true,"href":"https:\/\/lycee.saintjosephbelfort.fr\/index.php\/wp-json\/wp\/v2\/comments?post=25"}],"version-history":[{"count":5,"href":"https:\/\/lycee.saintjosephbelfort.fr\/index.php\/wp-json\/wp\/v2\/pages\/25\/revisions"}],"predecessor-version":[{"id":1644,"href":"https:\/\/lycee.saintjosephbelfort.fr\/index.php\/wp-json\/wp\/v2\/pages\/25\/revisions\/1644"}],"wp:attachment":[{"href":"https:\/\/lycee.saintjosephbelfort.fr\/index.php\/wp-json\/wp\/v2\/media?parent=25"}],"curies":[{"name":"wp","href":"https:\/\/api.w.org\/{rel}","templated":true}]}}