{"id":1184,"date":"2016-03-18T06:13:33","date_gmt":"2016-03-18T06:13:33","guid":{"rendered":"http:\/\/demos.famethemes.com\/onepress\/checkout\/"},"modified":"2023-03-10T15:58:05","modified_gmt":"2023-03-10T14:58:05","slug":"3pm","status":"publish","type":"page","link":"https:\/\/lycee.saintjosephbelfort.fr\/index.php\/3pm\/","title":{"rendered":"3\u00e8me Pr\u00e9pa-M\u00e9tiers"},"content":{"rendered":"<p><strong>OBJECTIFS<\/strong><\/p>\n<p>La classe de troisi\u00e8me pr\u00e9paratoire \u00e0 l\u2019enseignement professionnel, dite 3\u00e8me \u00ab pr\u00e9pa-m\u00e9tiers \u00bb, donne la possibilit\u00e9 aux \u00e9l\u00e8ves d\u2019affiner le choix de leur parcours de formation, sans pour autant d\u00e9cider d\u00e9finitivement de leur champ professionnel ni de leur orientation. Cette classe propose une approche individualis\u00e9e et une dynamique construite autour de chaque \u00e9l\u00e8ve pour leur redonner confiance en leurs capacit\u00e9s de r\u00e9ussite et pour les aider \u00e0 se projeter dans un m\u00e9tier. Elle est un lieu de r\u00e9ussite, de bienveillance, de construction des connaissances, des comp\u00e9tences<br \/>\net de savoir-\u00eatre.<\/p>\n<p><strong>PROFIL<\/strong><\/p>\n<p>Cette classe est accessible aux \u00e9l\u00e8ves sortant de 4\u00e8me ou doublant la 3\u00e8me, ayant des fragilit\u00e9s scolaires et se questionnant sur leur orientation.<\/p>\n<ul>\n<li>El\u00e8ves motiv\u00e9s par un enseignement plus concret.<\/li>\n<li>El\u00e8ves volontaires et pr\u00eat \u00e0 se mobiliser dans leur projet de formation.<\/li>\n<li>El\u00e8ves en recherche de projets.<\/li>\n<\/ul>\n<p><strong>COMP\u00c9TENCES<\/strong><\/p>\n<p>La classe de 3\u00e8me pr\u00e9pa-m\u00e9tiers pr\u00e9pare les \u00e9l\u00e8ves \u00e0 passer le Dipl\u00f4me national du brevet, le Dipl\u00f4me national du brevet s\u00e9rie pro ou le Certificat de formation g\u00e9n\u00e9ral.<br \/>\nLes \u00e9l\u00e8ves sont donc form\u00e9s sur les comp\u00e9tences du socle commun de connaissances, de comp\u00e9tences et de culture pour atteindre le palier 3<\/p>\n<p>Axe de formation :<\/p>\n<p>A) D\u00e9couvrir et explorer des activit\u00e9s professionnelles<br \/>\nB) D\u00e9couvrir des organisations<br \/>\nC) D\u00e9couvrir des lieux et des modalit\u00e9s de formation<br \/>\nD) Participer \u00e0 la r\u00e9alisation de biens ou de services<\/p>\n<p><strong>POURSUITE D\u2019\u00c9TUDES<\/strong><\/p>\n<ul>\n<li>Seconde g\u00e9n\u00e9rale<\/li>\n<li>Seconde technologique<\/li>\n<li>Seconde professionnelle<\/li>\n<li>CAP<\/li>\n<li>CFA<\/li>\n<\/ul>\n<p><strong>CONTENU DE LA FORMATION<\/strong><\/p>\n<p><strong><em>Stage de d\u00e9couverte professionnelle<\/em><\/strong><\/p>\n<p>Dur\u00e9e : 3 semaines r\u00e9parties sur l\u2019ann\u00e9e<br \/>\nTrois objectifs :<\/p>\n<ul>\n<li>D\u00e9couvrir un m\u00e9tier<\/li>\n<li>D\u00e9couvrir les entreprises<\/li>\n<li>D\u00e9couvrir les conditions d\u2019acc\u00e8s \u00e0 l\u2019emploi<\/li>\n<\/ul>\n<p>Au cours de la p\u00e9riode de formation, l\u2019\u00e9quipe p\u00e9dagogique reste en \u00e9troite relation avec le tuteur de l\u2019\u00e9l\u00e8ve eu sein de l\u2019entreprise. Les professeurs assurent le suivi et l\u2019\u00e9valuation de leurs \u00e9l\u00e8ves.<\/p>\n<p><em><strong>Journ\u00e9es en \u00e9tablissement de formation<\/strong><\/em><\/p>\n<p>Dur\u00e9e : 2 \u00e0 3 journ\u00e9es r\u00e9parties dur l\u2019ann\u00e9e<br \/>\nTrois objectifs :<\/p>\n<ul>\n<li>D\u00e9couvrir des \u00e9tablissements scolaires<\/li>\n<li>D\u00e9couvrir les formations<\/li>\n<li>Construire son projet d\u2019orientation<\/li>\n<\/ul>\n<p><em><strong>Projet annuel<\/strong><\/em><\/p>\n<p>Conception d\u2019un objet ou d\u2019un service<br \/>\nTrois objectifs :<\/p>\n<ul>\n<li>Comprendre les contraintes et l\u2019exigence de l\u2019activit\u00e9 professionnelle<\/li>\n<li>Travailler en \u00e9quipe<\/li>\n<li>Respecter les proc\u00e9dures de production<\/li>\n<\/ul>\n<p><em><strong>R\u00c9PARTITIONS DES HEURES D\u2019ENSEIGNEMENTS<\/strong><\/em><\/p>\n<p><strong>Enseignements dispens\u00e9s au lyc\u00e9e Saint-Joseph<\/strong><\/p>\n<p>Enseignements artistiques : 2h<br \/>\nFran\u00e7ais : 4h<br \/>\nHistoire-g\u00e9ographie et enseignement moral et civique : 3h30<br \/>\nLangues vivantes (LV1 et LV2) : 5h30<br \/>\nD\u00e9couverte professionnelle : 6h<\/p>\n<p><strong>Enseignements dispens\u00e9s au lyc\u00e9e Notre-Dame-des-Anges<\/strong><\/p>\n<p>Education physique et sportive : 3h<br \/>\nMath\u00e9matiques : 3h30<br \/>\nSciences et technologie : 4h30<br \/>\nTotal : 32h (dont 4 h d\u2019enseignements compl\u00e9mentaire et s\u2019y ajoute 10 heures annuelles de vie de classe)<\/p>\n","protected":false},"excerpt":{"rendered":"<p>OBJECTIFS La classe de troisi\u00e8me pr\u00e9paratoire \u00e0 l\u2019enseignement professionnel, dite 3\u00e8me \u00ab pr\u00e9pa-m\u00e9tiers \u00bb, donne la possibilit\u00e9 aux \u00e9l\u00e8ves d\u2019affiner le choix de leur parcours de formation, sans pour autant &#8230;<\/p>\n","protected":false},"author":1,"featured_media":0,"parent":0,"menu_order":0,"comment_status":"closed","ping_status":"closed","template":"template-fullwidth.php","meta":{"footnotes":""},"class_list":["post-1184","page","type-page","status-publish","hentry"],"_links":{"self":[{"href":"https:\/\/lycee.saintjosephbelfort.fr\/index.php\/wp-json\/wp\/v2\/pages\/1184","targetHints":{"allow":["GET"]}}],"collection":[{"href":"https:\/\/lycee.saintjosephbelfort.fr\/index.php\/wp-json\/wp\/v2\/pages"}],"about":[{"href":"https:\/\/lycee.saintjosephbelfort.fr\/index.php\/wp-json\/wp\/v2\/types\/page"}],"author":[{"embeddable":true,"href":"https:\/\/lycee.saintjosephbelfort.fr\/index.php\/wp-json\/wp\/v2\/users\/1"}],"replies":[{"embeddable":true,"href":"https:\/\/lycee.saintjosephbelfort.fr\/index.php\/wp-json\/wp\/v2\/comments?post=1184"}],"version-history":[{"count":2,"href":"https:\/\/lycee.saintjosephbelfort.fr\/index.php\/wp-json\/wp\/v2\/pages\/1184\/revisions"}],"predecessor-version":[{"id":1601,"href":"https:\/\/lycee.saintjosephbelfort.fr\/index.php\/wp-json\/wp\/v2\/pages\/1184\/revisions\/1601"}],"wp:attachment":[{"href":"https:\/\/lycee.saintjosephbelfort.fr\/index.php\/wp-json\/wp\/v2\/media?parent=1184"}],"curies":[{"name":"wp","href":"https:\/\/api.w.org\/{rel}","templated":true}]}}